{"id":2,"date":"2016-05-10T03:48:21","date_gmt":"2016-05-10T03:48:21","guid":{"rendered":"http:\/\/www.erny-velos.ch\/wp\/"},"modified":"2026-03-16T08:10:00","modified_gmt":"2026-03-16T08:10:00","slug":"sample-page","status":"publish","type":"page","link":"https:\/\/erny-velos.ch\/wp\/","title":{"rendered":"Herzlich willkommen bei Erny-Velos"},"content":{"rendered":"<h4>&#8222;Am bescht\u00e4 fahrsch halt immer no wend laufsch oder bim Aicha ab 1.1.26 es Velo kaufsch&#8220;<\/h4>\n<h4>Ich \u00fcbergebe mein Velogesch\u00e4ft ab dem 1.1.2026 an Aicha Remischberger . Den Pneuservice und die Mofa-Probleme mache ich nach wie vor nach Tel. Absprache weiterhin.<\/h4>\n<h4>Ich freue mich auf eine treue Kundschaft.<\/h4>\n<p>&nbsp;<\/p>\n<hr \/>\n<p><img decoding=\"async\" loading=\"lazy\" class=\"alignnone size-large wp-image-195\" src=\"http:\/\/erny-velos.ch\/wp\/wp-content\/uploads\/2016\/05\/willkommen_-1024x403.jpg\" alt=\"\" width=\"665\" height=\"262\" srcset=\"https:\/\/erny-velos.ch\/wp\/wp-content\/uploads\/2016\/05\/willkommen_-1024x403.jpg 1024w, https:\/\/erny-velos.ch\/wp\/wp-content\/uploads\/2016\/05\/willkommen_-300x118.jpg 300w, https:\/\/erny-velos.ch\/wp\/wp-content\/uploads\/2016\/05\/willkommen_-768x302.jpg 768w, https:\/\/erny-velos.ch\/wp\/wp-content\/uploads\/2016\/05\/willkommen_-559x220.jpg 559w\" sizes=\"(max-width: 665px) 100vw, 665px\" \/><\/p>\n<p>Erich Erny<br \/>\nHirschengasse 76<br \/>\n4467 Rothenfluh<br \/>\nTel: 079 227 23 86<br \/>\nerny-velo@breitband.ch<\/p>\n<p>\u00d6ffnungszeiten:<br \/>\nNacht Tel. Vereinbarung<\/p>\n","protected":false},"excerpt":{"rendered":"<p>&#8222;Am bescht\u00e4 fahrsch halt immer no wend laufsch oder bim Aicha ab 1.1.26 es Velo kaufsch&#8220; Ich \u00fcbergebe mein Velogesch\u00e4ft ab dem 1.1.2026 an Aicha Remischberger . Den Pneuservice und die Mofa-Probleme mache ich nach wie vor nach Tel. Absprache weiterhin. Ich freue mich auf eine treue Kundschaft. &nbsp; Erich Erny Hirschengasse 76 4467 Rothenfluh [&hellip;]<\/p>\n","protected":false},"author":1,"featured_media":0,"parent":0,"menu_order":0,"comment_status":"closed","ping_status":"open","template":"","meta":[],"_links":{"self":[{"href":"https:\/\/erny-velos.ch\/wp\/index.php?rest_route=\/wp\/v2\/pages\/2"}],"collection":[{"href":"https:\/\/erny-velos.ch\/wp\/index.php?rest_route=\/wp\/v2\/pages"}],"about":[{"href":"https:\/\/erny-velos.ch\/wp\/index.php?rest_route=\/wp\/v2\/types\/page"}],"author":[{"embeddable":true,"href":"https:\/\/erny-velos.ch\/wp\/index.php?rest_route=\/wp\/v2\/users\/1"}],"replies":[{"embeddable":true,"href":"https:\/\/erny-velos.ch\/wp\/index.php?rest_route=%2Fwp%2Fv2%2Fcomments&post=2"}],"version-history":[{"count":161,"href":"https:\/\/erny-velos.ch\/wp\/index.php?rest_route=\/wp\/v2\/pages\/2\/revisions"}],"predecessor-version":[{"id":633,"href":"https:\/\/erny-velos.ch\/wp\/index.php?rest_route=\/wp\/v2\/pages\/2\/revisions\/633"}],"wp:attachment":[{"href":"https:\/\/erny-velos.ch\/wp\/index.php?rest_route=%2Fwp%2Fv2%2Fmedia&parent=2"}],"curies":[{"name":"wp","href":"https:\/\/api.w.org\/{rel}","templated":true}]}}